{"id":2371,"date":"2019-03-07T14:27:27","date_gmt":"2019-03-07T13:27:27","guid":{"rendered":"https:\/\/17congreso.clubarbitraje.com\/inicio\/"},"modified":"2022-12-05T13:52:06","modified_gmt":"2022-12-05T12:52:06","slug":"inicio","status":"publish","type":"page","link":"https:\/\/17congreso.clubarbitraje.com\/en\/","title":{"rendered":"Inicio"},"content":{"rendered":"<p>[et_pb_section fb_built=&#8221;1&#8243; disabled_on=&#8221;off|off|off&#8221; _builder_version=&#8221;3.19.18&#8243; background_color=&#8221;rgba(255,255,255,0.5)&#8221; background_image=&#8221;https:\/\/17congreso.clubarbitraje.com\/wp-content\/uploads\/2022\/12\/Imagen-XVII_Congreso_CEA-BN.jpg&#8221; background_blend=&#8221;overlay&#8221;][et_pb_row use_custom_width=&#8221;on&#8221; custom_width_px=&#8221;1200px&#8221; disabled_on=&#8221;off|off|off&#8221; module_class=&#8221;modulo-header&#8221; _builder_version=&#8221;3.19.18&#8243;][et_pb_column type=&#8221;4_4&#8243; _builder_version=&#8221;3.19.18&#8243;][et_pb_divider show_divider=&#8221;off&#8221; height=&#8221;300px&#8221; module_class=&#8221;separador-eventos&#8221; _builder_version=&#8221;3.19.18&#8243; custom_margin=&#8221;||&#8221;][\/et_pb_divider][et_pb_text module_class=&#8221;titulo-header&#8221; _builder_version=&#8221;3.19.18&#8243; text_font=&#8221;||||||||&#8221; text_font_size_last_edited=&#8221;on|tablet&#8221; header_font=&#8221;Roboto|900||on|||||&#8221; header_text_align=&#8221;center&#8221; header_font_size=&#8221;48px&#8221; header_font_size_tablet=&#8221;38px&#8221; header_font_size_phone=&#8221;28px&#8221; header_font_size_last_edited=&#8221;on|desktop&#8221; header_line_height=&#8221;1.2em&#8221; header_text_shadow_style=&#8221;preset1&#8243; custom_margin=&#8221;||&#8221; custom_margin_tablet=&#8221;||&#8221; custom_margin_phone=&#8221;||0.5em&#8221; custom_margin_last_edited=&#8221;on|phone&#8221; animation_style=&#8221;slide&#8221; animation_direction=&#8221;top&#8221; animation_delay=&#8221;400ms&#8221;]<\/p>\n<h1>Arbitration in times of crisis and disruption<\/h1>\n<p>&nbsp;<\/p>\n<p>[\/et_pb_text][et_pb_divider color=&#8221;#333333&#8243; divider_weight=&#8221;4px&#8221; height=&#8221;49px&#8221; _builder_version=&#8221;3.19.18&#8243; max_width=&#8221;18%&#8221; module_alignment=&#8221;center&#8221; custom_margin=&#8221;0px||0px&#8221; custom_margin_last_edited=&#8221;on|phone&#8221; animation_style=&#8221;slide&#8221; animation_direction=&#8221;left&#8221; animation_delay=&#8221;150ms&#8221; locked=&#8221;off&#8221;][\/et_pb_divider][et_pb_text module_class=&#8221;fecha-header&#8221; _builder_version=&#8221;3.19.18&#8243; text_font=&#8221;Roboto|900||on|||||&#8221; text_text_color=&#8221;#333333&#8243; text_font_size=&#8221;40px&#8221; text_font_size_tablet=&#8221;28px&#8221; text_font_size_phone=&#8221;20px&#8221; text_font_size_last_edited=&#8221;on|desktop&#8221; text_orientation=&#8221;center&#8221; custom_margin=&#8221;||0.5em|&#8221; custom_margin_tablet=&#8221;||0.5em&#8221; custom_margin_phone=&#8221;||&#8221; custom_margin_last_edited=&#8221;on|phone&#8221; animation_style=&#8221;slide&#8221; animation_direction=&#8221;bottom&#8221; animation_delay=&#8221;100ms&#8221;]<\/p>\n<p><strong>June 18 to 20, 2023<\/strong><\/p>\n<p>[\/et_pb_text][et_pb_text module_class=&#8221;lugar-header&#8221; _builder_version=&#8221;3.19.18&#8243; text_font=&#8221;Roboto|900|||||||&#8221; text_text_color=&#8221;#333333&#8243; text_font_size=&#8221;25px&#8221; text_font_size_tablet=&#8221;21px&#8221; text_font_size_phone=&#8221;14px&#8221; text_font_size_last_edited=&#8221;on|desktop&#8221; text_orientation=&#8221;center&#8221; custom_margin=&#8221;||2em&#8221; custom_margin_tablet=&#8221;||1em&#8221; custom_margin_last_edited=&#8221;on|phone&#8221; animation_style=&#8221;slide&#8221; animation_direction=&#8221;bottom&#8221; animation_delay=&#8221;700ms&#8221;]<\/p>\n<p><strong>Hotel Meli\u00e1 Castilla, Madrid, Espa\u00f1a<\/strong><\/p>\n<p>[\/et_pb_text][et_pb_text _builder_version=&#8221;3.19.18&#8243; text_font=&#8221;||||||||&#8221; text_orientation=&#8221;center&#8221;]<\/p>\n<p><a class=\"bajar\" href=\"#abajo\"><img decoding=\"async\" loading=\"lazy\" width=\"68\" height=\"32\" class=\"wp-image-880 alignnone \" style=\"width: 35px;\" src=\"\/wp-content\/uploads\/2019\/03\/down-arrow@2x.png\" alt=\"\" \/><\/a><\/p>\n<p>[\/et_pb_text][\/et_pb_column][\/et_pb_row][\/et_pb_section][et_pb_section fb_built=&#8221;1&#8243; disabled_on=&#8221;off|off|off&#8221; module_class=&#8221;bloque-carta&#8221; _builder_version=&#8221;3.19.18&#8243; custom_margin=&#8221;||&#8221;][et_pb_row module_class=&#8221;contenedor-carta&#8221; _builder_version=&#8221;3.19.18&#8243; background_image=&#8221;https:\/\/17congreso.clubarbitraje.com\/wp-content\/uploads\/2019\/03\/fondo-carta.jpg&#8221; parallax=&#8221;on&#8221;][et_pb_column type=&#8221;4_4&#8243; _builder_version=&#8221;3.19.18&#8243;][et_pb_text admin_label=&#8221;Texto&#8221; module_id=&#8221;abajo&#8221; module_class=&#8221;texto-carta&#8221; _builder_version=&#8221;3.19.18&#8243; custom_margin=&#8221;||&#8221;]&nbsp;<\/p>\n<p><strong>Queridos amigos:<\/strong><\/p>\n<p>Como bien conoc\u00e9is todos los miembros del Club Espa\u00f1ol del Arbitraje (CEA), desde su constituci\u00f3n el CEA ha venido trabajando en cumplimiento de sus objetivos de promover el arbitraje en la comunidad empresarial y jur\u00eddica.<\/p>\n<p>Y gracias a los esfuerzos de todos, el CEA, es ya una espl\u00e9ndida realidad que cuenta con m\u00e1s de 1100 socios de 45 pa\u00edses distintos y con 31 cap\u00edtulos internacionales (y varios en constituci\u00f3n) lo que nos permite estar en una posici\u00f3n privilegiada en cuanto a la perspectiva de la realidad y tendencias internacionales.<\/p>\n<p>Ese acervo es el que pretendemos aprovechar siempre en nuestro Congreso Anual, que venimos celebrando cada a\u00f1o desde el 2006 y que se ha convertido, gracias al apoyo que nos prest\u00e1is, en un acontecimiento ya obligado en las agendas del arbitraje internacional.<\/p>\n<p>En cada uno de los Congresos hemos intentado abordar temas que tuvieran una especial significaci\u00f3n y\/o actualidad en cada momento, y que, consiguientemente, revistieran un mayor inter\u00e9s para todos aquellos que, de una u otra forma, estamos ligados a la instituci\u00f3n del arbitraje, tarea que se hace m\u00e1s dif\u00edcil en cada edici\u00f3n.<\/p>\n<p>Siguiendo este criterio, el XVI Congreso Internacional de Arbitraje tiene como t\u00edtulo \u201cMejorando el Arbitraje: Resolviendo antes y mejor\u201d.<\/p>\n<p>En \u00e9l se van a analizar temas muy novedosos que se est\u00e1n planteando en la pr\u00e1ctica como son las obligaciones \u00e9ticas en el arbitraje, los procedimiento acelerados y el <em>early dismissal<\/em>, la siempre dif\u00edcil cuesti\u00f3n de determinar el lucro cesante, las ofertas selladas y su impacto en costas, la acreditaci\u00f3n de la fase previa en las clausulas escalonadas y el an\u00e1lisis de algunos casos de los que podemos sacar conclusiones para el futuro.<\/p>\n<p>En el programa se detallan las sesiones de trabajo, lo que os permite tener un mayor conocimiento de los temas concretos que hemos enunciado, que analizar\u00e1n prestigiosos ponentes de diferentes pa\u00edses y continentes, an\u00e1lisis que se ver\u00e1 enriquecido por el intercambio de experiencias que los congresistas tendr\u00e1n la oportunidad de exponer en los coloquios previstos.<\/p>\n<p>Tendremos tambi\u00e9n la oportunidad y el placer de escuchar como <em>keynote speaker<\/em> a Gabrielle Kaufmann-Kohler.<\/p>\n<p>Y, por supuesto, no nos hemos olvidado de la importancia y necesidad de ofrecer oportunidades de <em>networking<\/em> a los congresistas, por lo que hemos mantenido una amplia agenda de actos sociales, que ofrecer\u00e1n a los mismos numerosas oportunidades al mismo tiempo que disfrutan de lugares emblem\u00e1ticos de Madrid y de su magn\u00edfica gastronom\u00eda.<\/p>\n<p>La evoluci\u00f3n actual de la pandemia de COVID en Espa\u00f1a y en los pa\u00edses de origen de la gran mayor\u00eda de nuestros congresistas nos han permitido que el Congreso siga estando programado cien por cien presencial, pero manteniendo como objetivo irrenunciable el preservar la seguridad de los congresistas lo que implica que, de ser necesario, se aplicaran todas las medidas, incluyendo el cumplimiento de las aplicables por ley, para disfrutar de un congreso seguro.<\/p>\n<p>Queremos agradeceros, una vez m\u00e1s, vuestro continuado apoyo e invitaros a que, con vuestra presencia, que es el motor y raz\u00f3n de ser del Congreso, hag\u00e1is posible, un a\u00f1o m\u00e1s, el \u00e9xito del mismo.<\/p>\n<p>Ser\u00e1 un placer tener la oportunidad de daros personalmente la bienvenida a Madrid y a nuestro Congreso.<\/p>\n<p>Un cordial saludo,<\/p>\n<div class=\"flexibox\">\n<div>\n<p><strong style=\"color: #e71617;\">Alfonso Iglesia<\/strong><br \/>\n<strong>Presidente en funciones del CEA<\/strong><\/p>\n<\/div>\n<div>\n<p><strong style=\"color: #e71617;\">Julio Gonz\u00e1lez Soria<\/strong><br \/>\n<strong>Presidente Comit\u00e9 Organizador del<\/strong><br \/>\n<strong>Congreso. Vicepresidente del CEA. <\/strong><\/p>\n<\/div>\n<\/div>\n<p>[\/et_pb_text][\/et_pb_column][\/et_pb_row][\/et_pb_section][et_pb_section fb_built=&#8221;1&#8243; disabled_on=&#8221;on|on|on&#8221; module_class=&#8221;contenedor-colaboradores&#8221; _builder_version=&#8221;3.19.18&#8243; custom_margin=&#8221;||5em&#8221; disabled=&#8221;on&#8221; saved_tabs=&#8221;all&#8221;][et_pb_row custom_margin=&#8221;2em||&#8221; _builder_version=&#8221;3.19.18&#8243;][et_pb_column type=&#8221;4_4&#8243; _builder_version=&#8221;3.19.18&#8243;][et_pb_text _builder_version=&#8221;3.19.18&#8243; header_font=&#8221;||||||||&#8221; header_2_font=&#8221;|700|||||||&#8221; header_2_text_align=&#8221;center&#8221; header_2_font_size=&#8221;27px&#8221;]<\/p>\n<h2>COLABORADOR PLATINO<\/h2>\n<p>[\/et_pb_text][\/et_pb_column][\/et_pb_row][et_pb_row custom_padding=&#8221;||&#8221; make_equal=&#8221;on&#8221; disabled_on=&#8221;off|off|off&#8221; module_class=&#8221;bloque-colaboradores platino&#8221; _builder_version=&#8221;3.19.18&#8243;][et_pb_column type=&#8221;1_4&#8243; _builder_version=&#8221;3.19.18&#8243;][et_pb_image src=&#8221;https:\/\/17congreso.clubarbitraje.com\/wp-content\/uploads\/2019\/03\/AM_Stacked.png&#8221; align=&#8221;center&#8221; disabled_on=&#8221;off|off|off&#8221; admin_label=&#8221;alvarez&#8221; module_class=&#8221;ico-colaborador con-marco&#8221; _builder_version=&#8221;3.19.18&#8243;][\/et_pb_image][\/et_pb_column][et_pb_column type=&#8221;1_4&#8243; _builder_version=&#8221;3.19.18&#8243;][et_pb_image src=&#8221;https:\/\/17congreso.clubarbitraje.com\/wp-content\/uploads\/2019\/03\/duff-and-phelps.png&#8221; align=&#8221;center&#8221; disabled_on=&#8221;on|on|on&#8221; admin_label=&#8221;duff&#8221; module_class=&#8221;ico-colaborador con-marco&#8221; _builder_version=&#8221;3.19.18&#8243; disabled=&#8221;on&#8221; locked=&#8221;off&#8221;][\/et_pb_image][\/et_pb_column][et_pb_column type=&#8221;1_4&#8243; _builder_version=&#8221;3.19.18&#8243;][et_pb_image src=&#8221;https:\/\/17congreso.clubarbitraje.com\/wp-content\/uploads\/2019\/04\/EY.png&#8221; url=&#8221;\/colaborador-plata\/&#8221; align=&#8221;center&#8221; disabled_on=&#8221;on|on|on&#8221; admin_label=&#8221;ey&#8221; module_class=&#8221;ico-colaborador con-marco&#8221; _builder_version=&#8221;3.19.18&#8243; disabled=&#8221;on&#8221;][\/et_pb_image][\/et_pb_column][et_pb_column type=&#8221;1_4&#8243; _builder_version=&#8221;3.19.18&#8243;][et_pb_image src=&#8221;https:\/\/17congreso.clubarbitraje.com\/wp-content\/uploads\/2019\/05\/rockmond.png&#8221; url=&#8221;\/colaborador-plata\/&#8221; align=&#8221;center&#8221; disabled_on=&#8221;on|on|on&#8221; admin_label=&#8221;rockmond&#8221; module_class=&#8221;ico-colaborador con-marco&#8221; _builder_version=&#8221;3.19.18&#8243; disabled=&#8221;on&#8221; locked=&#8221;off&#8221;][\/et_pb_image][\/et_pb_column][\/et_pb_row][\/et_pb_section][et_pb_section fb_built=&#8221;1&#8243; fullwidth=&#8221;on&#8221; _builder_version=&#8221;3.19.18&#8243;][et_pb_fullwidth_code module_id=&#8221;mapa&#8221; _builder_version=&#8221;3.19.18&#8243;]<iframe src=\"https:\/\/www.google.com\/maps\/embed?pb=!1m18!1m12!1m3!1d3035.6246294523844!2d-3.694341548506231!3d40.4614443607403!2m3!1f0!2f0!3f0!3m2!1i1024!2i768!4f13.1!3m3!1m2!1s0xd42291addc8ee85%3A0xd1ce794508da5e9d!2sHotel%20Meli%C3%A1%20Castilla!5e0!3m2!1ses!2ses!4v1622205378824!5m2!1ses!2ses\" width=\"100%\" height=\"400\" style=\"border:0;\" allowfullscreen=\"\" loading=\"lazy\"><\/iframe>[\/et_pb_fullwidth_code][\/et_pb_section]<\/p>\n","protected":false},"excerpt":{"rendered":"<p>[et_pb_section fb_built=&#8221;1&#8243; disabled_on=&#8221;off|off|off&#8221; _builder_version=&#8221;3.19.18&#8243; background_color=&#8221;rgba(255,255,255,0.5)&#8221; background_image=&#8221;https:\/\/17congreso.clubarbitraje.com\/wp-content\/uploads\/2022\/12\/Imagen-XVII_Congreso_CEA-BN.jpg&#8221; background_blend=&#8221;overlay&#8221;][et_pb_row use_custom_width=&#8221;on&#8221; custom_width_px=&#8221;1200px&#8221; disabled_on=&#8221;off|off|off&#8221; module_class=&#8221;modulo-header&#8221; _builder_version=&#8221;3.19.18&#8243;][et_pb_column type=&#8221;4_4&#8243; _builder_version=&#8221;3.19.18&#8243;][et_pb_divider show_divider=&#8221;off&#8221; height=&#8221;300px&#8221; module_class=&#8221;separador-eventos&#8221; _builder_version=&#8221;3.19.18&#8243; custom_margin=&#8221;||&#8221;][\/et_pb_divider][et_pb_text module_class=&#8221;titulo-header&#8221; _builder_version=&#8221;3.19.18&#8243; text_font=&#8221;||||||||&#8221; text_font_size_last_edited=&#8221;on|tablet&#8221; header_font=&#8221;Roboto|900||on|||||&#8221; header_text_align=&#8221;center&#8221; header_font_size=&#8221;48px&#8221; header_font_size_tablet=&#8221;38px&#8221; header_font_size_phone=&#8221;28px&#8221; header_font_size_last_edited=&#8221;on|desktop&#8221; header_line_height=&#8221;1.2em&#8221; header_text_shadow_style=&#8221;preset1&#8243; custom_margin=&#8221;||&#8221; custom_margin_tablet=&#8221;||&#8221; custom_margin_phone=&#8221;||0.5em&#8221; custom_margin_last_edited=&#8221;on|phone&#8221; animation_style=&#8221;slide&#8221; animation_direction=&#8221;top&#8221; animation_delay=&#8221;400ms&#8221;] Arbitration in times of crisis and disruption &nbsp; [\/et_pb_text][et_pb_divider color=&#8221;#333333&#8243; divider_weight=&#8221;4px&#8221; height=&#8221;49px&#8221; _builder_version=&#8221;3.19.18&#8243; max_width=&#8221;18%&#8221; module_alignment=&#8221;center&#8221; custom_margin=&#8221;0px||0px&#8221; custom_margin_last_edited=&#8221;on|phone&#8221; [&hellip;]<\/p>\n","protected":false},"author":2,"featured_media":0,"parent":0,"menu_order":0,"comment_status":"closed","ping_status":"closed","template":"","meta":{"_et_pb_use_builder":"on","_et_pb_old_content":""},"_links":{"self":[{"href":"https:\/\/17congreso.clubarbitraje.com\/en\/wp-json\/wp\/v2\/pages\/2371"}],"collection":[{"href":"https:\/\/17congreso.clubarbitraje.com\/en\/wp-json\/wp\/v2\/pages"}],"about":[{"href":"https:\/\/17congreso.clubarbitraje.com\/en\/wp-json\/wp\/v2\/types\/page"}],"author":[{"embeddable":true,"href":"https:\/\/17congreso.clubarbitraje.com\/en\/wp-json\/wp\/v2\/users\/2"}],"replies":[{"embeddable":true,"href":"https:\/\/17congreso.clubarbitraje.com\/en\/wp-json\/wp\/v2\/comments?post=2371"}],"version-history":[{"count":2,"href":"https:\/\/17congreso.clubarbitraje.com\/en\/wp-json\/wp\/v2\/pages\/2371\/revisions"}],"predecessor-version":[{"id":2374,"href":"https:\/\/17congreso.clubarbitraje.com\/en\/wp-json\/wp\/v2\/pages\/2371\/revisions\/2374"}],"wp:attachment":[{"href":"https:\/\/17congreso.clubarbitraje.com\/en\/wp-json\/wp\/v2\/media?parent=2371"}],"curies":[{"name":"wp","href":"https:\/\/api.w.org\/{rel}","templated":true}]}}